{"id":118,"date":"2025-07-14T11:54:45","date_gmt":"2025-07-14T11:54:45","guid":{"rendered":"https:\/\/wakefield.es\/new\/?page_id=118"},"modified":"2025-09-24T15:32:59","modified_gmt":"2025-09-24T15:32:59","slug":"matricula","status":"publish","type":"page","link":"https:\/\/wakefield.es\/en\/matricula\/","title":{"rendered":"Registration"},"content":{"rendered":"\t\t<div data-elementor-type=\"wp-page\" data-elementor-id=\"118\" class=\"elementor elementor-118\" data-elementor-post-type=\"page\">\n\t\t\t\t\t\t<section class=\"elementor-section elementor-top-section elementor-element elementor-element-58214af elementor-section-boxed elementor-section-height-default elementor-section-height-default\" data-id=\"58214af\" data-element_type=\"section\" data-e-type=\"section\" data-settings=\"{&quot;background_background&quot;:&quot;classic&quot;}\">\n\t\t\t\t\t\t\t<div class=\"elementor-background-overlay\"><\/div>\n\t\t\t\t\t\t\t<div class=\"elementor-container elementor-column-gap-default\">\n\t\t\t\t\t<div class=\"elementor-column elementor-col-100 elementor-top-column elementor-element elementor-element-f45ebae\" data-id=\"f45ebae\" data-element_type=\"column\" data-e-type=\"column\">\n\t\t\t<div class=\"elementor-widget-wrap elementor-element-populated\">\n\t\t\t\t\t\t<div class=\"elementor-element elementor-element-84d0830 elementor-widget elementor-widget-heading\" data-id=\"84d0830\" data-element_type=\"widget\" data-e-type=\"widget\" data-widget_type=\"heading.default\">\n\t\t\t\t\t<h1 class=\"elementor-heading-title elementor-size-default\">Matr\u00edcula<\/h1>\t\t\t\t<\/div>\n\t\t\t\t<div class=\"elementor-element elementor-element-6ae6c98 elementor-widget elementor-widget-heading\" data-id=\"6ae6c98\" data-element_type=\"widget\" data-e-type=\"widget\" data-widget_type=\"heading.default\">\n\t\t\t\t\t<h2 class=\"elementor-heading-title elementor-size-default\">Curso 2025 \/ 2026<\/h2>\t\t\t\t<\/div>\n\t\t\t\t\t<\/div>\n\t\t<\/div>\n\t\t\t\t\t<\/div>\n\t\t<\/section>\n\t\t<div class=\"elementor-element elementor-element-9a0cc56 e-flex e-con-boxed e-con e-parent\" data-id=\"9a0cc56\" data-element_type=\"container\" data-e-type=\"container\">\n\t\t\t\t\t<div class=\"e-con-inner\">\n\t\t\t\t<div class=\"elementor-element elementor-element-1ad5400 elementor-widget elementor-widget-text-editor\" data-id=\"1ad5400\" data-element_type=\"widget\" data-e-type=\"widget\" data-widget_type=\"text-editor.default\">\n\t\t\t\t\t\t\t\t\t<p>Rellena\u00a0<strong>YA<\/strong>\u00a0el formulario para formalizar tu\u00a0<strong>matr\u00edcula del curso 2025 &#8211; 2026 <\/strong>\u00a0y no pierdas tu plaza.<\/p>\t\t\t\t\t\t\t\t<\/div>\n\t\t<div class=\"elementor-element elementor-element-a2347be e-con-full e-flex e-con e-child\" data-id=\"a2347be\" data-element_type=\"container\" data-e-type=\"container\">\n\t\t\t\t<div class=\"elementor-element elementor-element-60af09c elementor-button-align-stretch elementor-widget elementor-widget-form\" data-id=\"60af09c\" data-element_type=\"widget\" data-e-type=\"widget\" data-settings=\"{&quot;step_next_label&quot;:&quot;Siguiente&quot;,&quot;step_previous_label&quot;:&quot;Anterior&quot;,&quot;button_width&quot;:&quot;100&quot;,&quot;step_type&quot;:&quot;number_text&quot;,&quot;step_icon_shape&quot;:&quot;circle&quot;}\" data-widget_type=\"form.default\">\n\t\t\t\t\t\t\t<form class=\"elementor-form\" method=\"post\" name=\"Nuevo formulario\" aria-label=\"Nuevo formulario\">\n\t\t\t<input type=\"hidden\" name=\"post_id\" value=\"118\"\/>\n\t\t\t<input type=\"hidden\" name=\"form_id\" value=\"60af09c\"\/>\n\t\t\t<input type=\"hidden\" name=\"referer_title\" value=\"Wakefield\" \/>\n\n\t\t\t\n\t\t\t<div class=\"elementor-form-fields-wrapper elementor-labels-above\">\n\t\t\t\t\t\t\t\t<div class=\"elementor-field-type-select elementor-field-group elementor-column elementor-field-group-field_5785a2e elementor-col-100 elementor-field-required\">\n\t\t\t\t\t\t\t\t\t\t\t\t<label for=\"form-field-field_5785a2e\" class=\"elementor-field-label\">\n\t\t\t\t\t\t\t\tElige el Curso: \t\t\t\t\t\t\t<\/label>\n\t\t\t\t\t\t\t\t<div class=\"elementor-field elementor-select-wrapper remove-before \">\n\t\t\t<div class=\"select-caret-down-wrapper\">\n\t\t\t\t<svg aria-hidden=\"true\" class=\"e-font-icon-svg e-eicon-caret-down\" viewBox=\"0 0 571.4 571.4\" xmlns=\"http:\/\/www.w3.org\/2000\/svg\"><path d=\"M571 393Q571 407 561 418L311 668Q300 679 286 679T261 668L11 418Q0 407 0 393T11 368 36 357H536Q550 357 561 368T571 393Z\"><\/path><\/svg>\t\t\t<\/div>\n\t\t\t<select name=\"form_fields[field_5785a2e]\" id=\"form-field-field_5785a2e\" class=\"elementor-field-textual elementor-size-sm\" required=\"required\">\n\t\t\t\t\t\t\t\t\t<option value=\"Grupos 4\/5 a\u00f1os\">Grupos 4\/5 a\u00f1os<\/option>\n\t\t\t\t\t\t\t\t\t<option value=\"Preparaci\u00f3n ex\u00e1menes Oficiales para ni\u00f1os\">Preparaci\u00f3n ex\u00e1menes Oficiales para ni\u00f1os<\/option>\n\t\t\t\t\t\t\t\t\t<option value=\"Preparaci\u00f3n Certificaci\u00f3n Oficial \u2013 B1\">Preparaci\u00f3n Certificaci\u00f3n Oficial \u2013 B1<\/option>\n\t\t\t\t\t\t\t\t\t<option value=\"Preparaci\u00f3n Certificaci\u00f3n Oficial \u2013 B2\">Preparaci\u00f3n Certificaci\u00f3n Oficial \u2013 B2<\/option>\n\t\t\t\t\t\t\t\t\t<option value=\"Preparaci\u00f3n Certificaci\u00f3n Oficial \u2013 C1\">Preparaci\u00f3n Certificaci\u00f3n Oficial \u2013 C1<\/option>\n\t\t\t\t\t\t\t\t\t<option value=\"Preparaci\u00f3n Certificaci\u00f3n Oficial \u2013 C2\">Preparaci\u00f3n Certificaci\u00f3n Oficial \u2013 C2<\/option>\n\t\t\t\t\t\t\t\t\t<option value=\"Grupos de refuerzo ingl\u00e9s \u2013 social, science y natural science\">Grupos de refuerzo ingl\u00e9s \u2013 social, science y natural science<\/option>\n\t\t\t\t\t\t\t\t\t<option value=\"Beginners (nivel ISE 0)\">Beginners (nivel ISE 0)<\/option>\n\t\t\t\t\t\t\t<\/select>\n\t\t<\/div>\n\t\t\t\t\t\t<\/div>\n\t\t\t\t\t\t\t\t<div class=\"elementor-field-type-date elementor-field-group elementor-column elementor-field-group-field_33e3bb6 elementor-col-25 elementor-field-required\">\n\t\t\t\t\t\t\t\t\t\t\t\t<label for=\"form-field-field_33e3bb6\" class=\"elementor-field-label\">\n\t\t\t\t\t\t\t\tFecha\t\t\t\t\t\t\t<\/label>\n\t\t\t\t\t\t\n\t\t<input type=\"date\" name=\"form_fields[field_33e3bb6]\" id=\"form-field-field_33e3bb6\" class=\"elementor-field elementor-size-sm  elementor-field-textual elementor-date-field\" placeholder=\"April 20, 2026 2:59 pm\" required=\"required\" pattern=\"[0-9]{4}-[0-9]{2}-[0-9]{2}\">\n\t\t\t\t\t\t<\/div>\n\t\t\t\t\t\t\t\t<div class=\"elementor-field-type-text elementor-field-group elementor-column elementor-field-group-name elementor-col-75 elementor-field-required\">\n\t\t\t\t\t\t\t\t\t\t\t\t<label for=\"form-field-name\" class=\"elementor-field-label\">\n\t\t\t\t\t\t\t\tNombre y Apellidos\t\t\t\t\t\t\t<\/label>\n\t\t\t\t\t\t\t\t\t\t\t\t\t\t<input size=\"1\" type=\"text\" name=\"form_fields[name]\" id=\"form-field-name\" class=\"elementor-field elementor-size-sm  elementor-field-textual\" required=\"required\">\n\t\t\t\t\t\t\t\t\t\t\t<\/div>\n\t\t\t\t\t\t\t\t<div class=\"elementor-field-type-number elementor-field-group elementor-column elementor-field-group-field_c4d89cc elementor-col-33 elementor-field-required\">\n\t\t\t\t\t\t\t\t\t\t\t\t<label for=\"form-field-field_c4d89cc\" class=\"elementor-field-label\">\n\t\t\t\t\t\t\t\tDNI-NIE\t\t\t\t\t\t\t<\/label>\n\t\t\t\t\t\t\t\t\t<input type=\"number\" name=\"form_fields[field_c4d89cc]\" id=\"form-field-field_c4d89cc\" class=\"elementor-field elementor-size-sm  elementor-field-textual\" required=\"required\" min=\"\" max=\"\" >\n\t\t\t\t\t\t<\/div>\n\t\t\t\t\t\t\t\t<div class=\"elementor-field-type-tel elementor-field-group elementor-column elementor-field-group-field_8aafbc1 elementor-col-33 elementor-field-required\">\n\t\t\t\t\t\t\t\t\t\t\t\t<label for=\"form-field-field_8aafbc1\" class=\"elementor-field-label\">\n\t\t\t\t\t\t\t\tTel\u00e9fono\t\t\t\t\t\t\t<\/label>\n\t\t\t\t\t\t\t\t<input size=\"1\" type=\"tel\" name=\"form_fields[field_8aafbc1]\" id=\"form-field-field_8aafbc1\" class=\"elementor-field elementor-size-sm  elementor-field-textual\" required=\"required\" pattern=\"[0-9()#&amp;+*-=.]+\" title=\"Only numbers and phone characters (#, -, *, etc) are accepted.\">\n\n\t\t\t\t\t\t<\/div>\n\t\t\t\t\t\t\t\t<div class=\"elementor-field-type-email elementor-field-group elementor-column elementor-field-group-email elementor-col-33 elementor-field-required\">\n\t\t\t\t\t\t\t\t\t\t\t\t<label for=\"form-field-email\" class=\"elementor-field-label\">\n\t\t\t\t\t\t\t\tCorreo electr\u00f3nico\t\t\t\t\t\t\t<\/label>\n\t\t\t\t\t\t\t\t\t\t\t\t\t\t<input size=\"1\" type=\"email\" name=\"form_fields[email]\" id=\"form-field-email\" class=\"elementor-field elementor-size-sm  elementor-field-textual\" required=\"required\">\n\t\t\t\t\t\t\t\t\t\t\t<\/div>\n\t\t\t\t\t\t\t\t<div class=\"elementor-field-type-textarea elementor-field-group elementor-column elementor-field-group-field_a0999fd elementor-col-100\">\n\t\t\t\t\t\t\t\t\t\t\t\t<label for=\"form-field-field_a0999fd\" class=\"elementor-field-label\">\n\t\t\t\t\t\t\t\tDirecci\u00f3n completa\t\t\t\t\t\t\t<\/label>\n\t\t\t\t\t\t<textarea class=\"elementor-field-textual elementor-field  elementor-size-sm\" name=\"form_fields[field_a0999fd]\" id=\"form-field-field_a0999fd\" rows=\"2\"><\/textarea>\t\t\t\t<\/div>\n\t\t\t\t\t\t\t\t<div class=\"elementor-field-type-acceptance elementor-field-group elementor-column elementor-field-group-field_310fca3 elementor-col-100 elementor-field-required\">\n\t\t\t\t\t\t\t\t\t\t\t\t<label for=\"form-field-field_310fca3\" class=\"elementor-field-label\">\n\t\t\t\t\t\t\t\tCl\u00e1usula de compromiso:\t\t\t\t\t\t\t<\/label>\n\t\t\t\t\t\t\t\t<div class=\"elementor-field-subgroup\">\n\t\t\t<span class=\"elementor-field-option\">\n\t\t\t\t<input type=\"checkbox\" name=\"form_fields[field_310fca3]\" id=\"form-field-field_310fca3\" class=\"elementor-field elementor-size-sm  elementor-acceptance-field\" required=\"required\">\n\t\t\t\t<label for=\"form-field-field_310fca3\">Compromiso entre la academia y el alumno en el que la academia se compromete a trabajar todo el temario respetando tanto los horarios como el calendario utilizando diferentes metodolog\u00edas online, y el alumno se compromete a continuar su formaci\u00f3n y estar al corriente del pago si se diera una nueva situaci\u00f3n de crisis sanitaria<\/label>\t\t\t<\/span>\n\t\t<\/div>\n\t\t\t\t\t\t<\/div>\n\t\t\t\t\t\t\t\t<div class=\"elementor-field-type-acceptance elementor-field-group elementor-column elementor-field-group-field_57418b8 elementor-col-100 elementor-field-required\">\n\t\t\t\t\t\t\t<div class=\"elementor-field-subgroup\">\n\t\t\t<span class=\"elementor-field-option\">\n\t\t\t\t<input type=\"checkbox\" name=\"form_fields[field_57418b8]\" id=\"form-field-field_57418b8\" class=\"elementor-field elementor-size-sm  elementor-acceptance-field\" required=\"required\">\n\t\t\t\t<label for=\"form-field-field_57418b8\">He le\u00eddo y acepto la <a href=\"\/politica-de-privacidad\/\">Pol\u00edtica de privacidad*<\/a><\/label>\t\t\t<\/span>\n\t\t<\/div>\n\t\t\t\t\t\t<\/div>\n\t\t\t\t\t\t\t\t<div class=\"elementor-field-type-recaptcha_v3 elementor-field-group elementor-column elementor-field-group-field_d417621 elementor-col-100 recaptcha_v3-bottomright\">\n\t\t\t\t\t<div class=\"elementor-field\" id=\"form-field-field_d417621\"><div class=\"elementor-g-recaptcha\" data-sitekey=\"6Ldlr4IrAAAAAJEZ3f9T2fpv-ijW2fo8UPOTkC1T\" data-type=\"v3\" data-action=\"Form\" data-badge=\"bottomright\" data-size=\"invisible\"><\/div><\/div>\t\t\t\t<\/div>\n\t\t\t\t\t\t\t\t<div class=\"elementor-field-group elementor-column elementor-field-type-submit elementor-col-100 e-form__buttons\">\n\t\t\t\t\t<button class=\"elementor-button elementor-size-sm\" type=\"submit\">\n\t\t\t\t\t\t<span class=\"elementor-button-content-wrapper\">\n\t\t\t\t\t\t\t\t\t\t\t\t\t\t\t\t\t\t\t\t\t\t<span class=\"elementor-button-text\">Enviar<\/span>\n\t\t\t\t\t\t\t\t\t\t\t\t\t<\/span>\n\t\t\t\t\t<\/button>\n\t\t\t\t<\/div>\n\t\t\t<\/div>\n\t\t<\/form>\n\t\t\t\t\t\t<\/div>\n\t\t\t\t<\/div>\n\t\t\t\t<div class=\"elementor-element elementor-element-8a7ccbd elementor-widget elementor-widget-text-editor\" data-id=\"8a7ccbd\" data-element_type=\"widget\" data-e-type=\"widget\" data-widget_type=\"text-editor.default\">\n\t\t\t\t\t\t\t\t\t<p>De conformidad con el RGPD (UE) 2016\/679 y el resto de normativa vigente en materia de protecci\u00f3n de datos le informamos que, Goizalde Tovar Navas, en calidad<br \/>de Responsable del Tratamiento, procesar\u00e1 sus datos con la finalidad de formalizar la matr\u00edcula y prestarle los servicios educativos contratados. En cualquier momento, Ud. tiene derecho a obtener confirmaci\u00f3n sobre si estamos tratando sus datos. Asimismo, tiene derecho ejercitar los derechos reconocidos en la normativa de protecci\u00f3n de datos, RGPD (UE) 2016\/679 y\/o solicitar informaci\u00f3n adicional acerca de nuestra pol\u00edtica de privacidad enviando un correo electr\u00f3nico a:\u00a0<span id=\"cloakccc37aaad3b4f8e166b862c9577b7ef9\">Esta direcci\u00f3n de correo electr\u00f3nico est\u00e1 siendo protegida contra los robots de spam. Necesita tener JavaScript habilitado para poder verlo.<\/span><\/p>\t\t\t\t\t\t\t\t<\/div>\n\t\t\t\t<div class=\"elementor-element elementor-element-5983637 elementor-widget elementor-widget-text-editor\" data-id=\"5983637\" data-element_type=\"widget\" data-e-type=\"widget\" data-widget_type=\"text-editor.default\">\n\t\t\t\t\t\t\t\t\t<p>Si tienes alguna duda ponte en contacto con nosotros en el <span style=\"color: #333333;\"><strong><a class=\"fl r-iPh6bbMaX4s8\" style=\"color: #333333;\" title=\"Llamar\" href=\"tel: +34983811701\" target=\"_blank\" rel=\"noopener noreferrer\" data-number=\"+34983811701\" data-pstn-out-call-url=\"\" data-rtid=\"iPh6bbMaX4s8\" data-ved=\"0ahUKEwjYxvO3gZ7aAhWObZoKHfYIAFYQkAgIiAEoADAQ\">983 81 17 01<\/a>\u00a0<\/strong><\/span><\/p>\t\t\t\t\t\t\t\t<\/div>\n\t\t\t\t\t<\/div>\n\t\t\t\t<\/div>\n\t\t\t\t<\/div>\n\t\t","protected":false},"excerpt":{"rendered":"<p>Matr\u00edcula Curso 2025 \/ 2026 Rellena\u00a0YA\u00a0el formulario para formalizar tu\u00a0matr\u00edcula del curso 2025 &#8211; 2026 \u00a0y no pierdas tu plaza. De conformidad con el RGPD (UE) 2016\/679 y el resto de normativa vigente en materia de protecci\u00f3n de datos le informamos que, Goizalde Tovar Navas, en calidadde Responsable del Tratamiento, procesar\u00e1 sus datos con la [&hellip;]<\/p>\n","protected":false},"author":1,"featured_media":0,"parent":0,"menu_order":0,"comment_status":"closed","ping_status":"closed","template":"","meta":{"footnotes":""},"class_list":["post-118","page","type-page","status-publish","hentry"],"yoast_head":"<!-- This site is optimized with the Yoast SEO plugin v27.4 - https:\/\/yoast.com\/product\/yoast-seo-wordpress\/ -->\n<title>Matr\u00edcula - Wakefield<\/title>\n<meta name=\"robots\" content=\"index, follow, max-snippet:-1, max-image-preview:large, max-video-preview:-1\" \/>\n<link rel=\"canonical\" href=\"https:\/\/wakefield.es\/en\/matricula\/\" \/>\n<meta property=\"og:locale\" content=\"en_GB\" \/>\n<meta property=\"og:type\" content=\"article\" \/>\n<meta property=\"og:title\" content=\"Matr\u00edcula - Wakefield\" \/>\n<meta property=\"og:description\" content=\"Matr\u00edcula Curso 2025 \/ 2026 Rellena\u00a0YA\u00a0el formulario para formalizar tu\u00a0matr\u00edcula del curso 2025 &#8211; 2026 \u00a0y no pierdas tu plaza. De conformidad con el RGPD (UE) 2016\/679 y el resto de normativa vigente en materia de protecci\u00f3n de datos le informamos que, Goizalde Tovar Navas, en calidadde Responsable del Tratamiento, procesar\u00e1 sus datos con la [&hellip;]\" \/>\n<meta property=\"og:url\" content=\"https:\/\/wakefield.es\/en\/matricula\/\" \/>\n<meta property=\"og:site_name\" content=\"Wakefield\" \/>\n<meta property=\"article:modified_time\" content=\"2025-09-24T15:32:59+00:00\" \/>\n<meta name=\"twitter:card\" content=\"summary_large_image\" \/>\n<meta name=\"twitter:label1\" content=\"Estimated reading time\" \/>\n\t<meta name=\"twitter:data1\" content=\"2 minutes\" \/>\n<script type=\"application\/ld+json\" class=\"yoast-schema-graph\">{\"@context\":\"https:\\\/\\\/schema.org\",\"@graph\":[{\"@type\":\"WebPage\",\"@id\":\"https:\\\/\\\/wakefield.es\\\/matricula\\\/\",\"url\":\"https:\\\/\\\/wakefield.es\\\/matricula\\\/\",\"name\":\"Matr\u00edcula - Wakefield\",\"isPartOf\":{\"@id\":\"https:\\\/\\\/wakefield.es\\\/#website\"},\"datePublished\":\"2025-07-14T11:54:45+00:00\",\"dateModified\":\"2025-09-24T15:32:59+00:00\",\"breadcrumb\":{\"@id\":\"https:\\\/\\\/wakefield.es\\\/matricula\\\/#breadcrumb\"},\"inLanguage\":\"en-GB\",\"potentialAction\":[{\"@type\":\"ReadAction\",\"target\":[\"https:\\\/\\\/wakefield.es\\\/matricula\\\/\"]}]},{\"@type\":\"BreadcrumbList\",\"@id\":\"https:\\\/\\\/wakefield.es\\\/matricula\\\/#breadcrumb\",\"itemListElement\":[{\"@type\":\"ListItem\",\"position\":1,\"name\":\"Portada\",\"item\":\"https:\\\/\\\/wakefield.es\\\/\"},{\"@type\":\"ListItem\",\"position\":2,\"name\":\"Matr\u00edcula\"}]},{\"@type\":\"WebSite\",\"@id\":\"https:\\\/\\\/wakefield.es\\\/#website\",\"url\":\"https:\\\/\\\/wakefield.es\\\/\",\"name\":\"Wakefield\",\"description\":\"Academia de ingl\u00e9s Medina del Campo\",\"publisher\":{\"@id\":\"https:\\\/\\\/wakefield.es\\\/#organization\"},\"potentialAction\":[{\"@type\":\"SearchAction\",\"target\":{\"@type\":\"EntryPoint\",\"urlTemplate\":\"https:\\\/\\\/wakefield.es\\\/?s={search_term_string}\"},\"query-input\":{\"@type\":\"PropertyValueSpecification\",\"valueRequired\":true,\"valueName\":\"search_term_string\"}}],\"inLanguage\":\"en-GB\"},{\"@type\":\"Organization\",\"@id\":\"https:\\\/\\\/wakefield.es\\\/#organization\",\"name\":\"Wakefield\",\"url\":\"https:\\\/\\\/wakefield.es\\\/\",\"logo\":{\"@type\":\"ImageObject\",\"inLanguage\":\"en-GB\",\"@id\":\"https:\\\/\\\/wakefield.es\\\/#\\\/schema\\\/logo\\\/image\\\/\",\"url\":\"https:\\\/\\\/wakefield.es\\\/wp-content\\\/uploads\\\/2025\\\/07\\\/logo_wakefield-scaled.png\",\"contentUrl\":\"https:\\\/\\\/wakefield.es\\\/wp-content\\\/uploads\\\/2025\\\/07\\\/logo_wakefield-scaled.png\",\"width\":2560,\"height\":1241,\"caption\":\"Wakefield\"},\"image\":{\"@id\":\"https:\\\/\\\/wakefield.es\\\/#\\\/schema\\\/logo\\\/image\\\/\"}}]}<\/script>\n<!-- \/ Yoast SEO plugin. -->","yoast_head_json":{"title":"Registration - Wakefield","robots":{"index":"index","follow":"follow","max-snippet":"max-snippet:-1","max-image-preview":"max-image-preview:large","max-video-preview":"max-video-preview:-1"},"canonical":"https:\/\/wakefield.es\/en\/matricula\/","og_locale":"en_GB","og_type":"article","og_title":"Matr\u00edcula - Wakefield","og_description":"Matr\u00edcula Curso 2025 \/ 2026 Rellena\u00a0YA\u00a0el formulario para formalizar tu\u00a0matr\u00edcula del curso 2025 &#8211; 2026 \u00a0y no pierdas tu plaza. De conformidad con el RGPD (UE) 2016\/679 y el resto de normativa vigente en materia de protecci\u00f3n de datos le informamos que, Goizalde Tovar Navas, en calidadde Responsable del Tratamiento, procesar\u00e1 sus datos con la [&hellip;]","og_url":"https:\/\/wakefield.es\/en\/matricula\/","og_site_name":"Wakefield","article_modified_time":"2025-09-24T15:32:59+00:00","twitter_card":"summary_large_image","twitter_misc":{"Estimated reading time":"2 minutes"},"schema":{"@context":"https:\/\/schema.org","@graph":[{"@type":"WebPage","@id":"https:\/\/wakefield.es\/matricula\/","url":"https:\/\/wakefield.es\/matricula\/","name":"Registration - Wakefield","isPartOf":{"@id":"https:\/\/wakefield.es\/#website"},"datePublished":"2025-07-14T11:54:45+00:00","dateModified":"2025-09-24T15:32:59+00:00","breadcrumb":{"@id":"https:\/\/wakefield.es\/matricula\/#breadcrumb"},"inLanguage":"en-GB","potentialAction":[{"@type":"ReadAction","target":["https:\/\/wakefield.es\/matricula\/"]}]},{"@type":"BreadcrumbList","@id":"https:\/\/wakefield.es\/matricula\/#breadcrumb","itemListElement":[{"@type":"ListItem","position":1,"name":"Portada","item":"https:\/\/wakefield.es\/"},{"@type":"ListItem","position":2,"name":"Matr\u00edcula"}]},{"@type":"WebSite","@id":"https:\/\/wakefield.es\/#website","url":"https:\/\/wakefield.es\/","name":"Wakefield","description":"English Academy Medina del Campo","publisher":{"@id":"https:\/\/wakefield.es\/#organization"},"potentialAction":[{"@type":"SearchAction","target":{"@type":"EntryPoint","urlTemplate":"https:\/\/wakefield.es\/?s={search_term_string}"},"query-input":{"@type":"PropertyValueSpecification","valueRequired":true,"valueName":"search_term_string"}}],"inLanguage":"en-GB"},{"@type":"Organization","@id":"https:\/\/wakefield.es\/#organization","name":"Wakefield","url":"https:\/\/wakefield.es\/","logo":{"@type":"ImageObject","inLanguage":"en-GB","@id":"https:\/\/wakefield.es\/#\/schema\/logo\/image\/","url":"https:\/\/wakefield.es\/wp-content\/uploads\/2025\/07\/logo_wakefield-scaled.png","contentUrl":"https:\/\/wakefield.es\/wp-content\/uploads\/2025\/07\/logo_wakefield-scaled.png","width":2560,"height":1241,"caption":"Wakefield"},"image":{"@id":"https:\/\/wakefield.es\/#\/schema\/logo\/image\/"}}]}},"_links":{"self":[{"href":"https:\/\/wakefield.es\/en\/wp-json\/wp\/v2\/pages\/118","targetHints":{"allow":["GET"]}}],"collection":[{"href":"https:\/\/wakefield.es\/en\/wp-json\/wp\/v2\/pages"}],"about":[{"href":"https:\/\/wakefield.es\/en\/wp-json\/wp\/v2\/types\/page"}],"author":[{"embeddable":true,"href":"https:\/\/wakefield.es\/en\/wp-json\/wp\/v2\/users\/1"}],"replies":[{"embeddable":true,"href":"https:\/\/wakefield.es\/en\/wp-json\/wp\/v2\/comments?post=118"}],"version-history":[{"count":40,"href":"https:\/\/wakefield.es\/en\/wp-json\/wp\/v2\/pages\/118\/revisions"}],"predecessor-version":[{"id":879,"href":"https:\/\/wakefield.es\/en\/wp-json\/wp\/v2\/pages\/118\/revisions\/879"}],"wp:attachment":[{"href":"https:\/\/wakefield.es\/en\/wp-json\/wp\/v2\/media?parent=118"}],"curies":[{"name":"wp","href":"https:\/\/api.w.org\/{rel}","templated":true}]}}