{"id":125,"date":"2025-07-14T11:56:17","date_gmt":"2025-07-14T11:56:17","guid":{"rendered":"https:\/\/wakefield.es\/new\/?page_id=125"},"modified":"2025-07-14T15:01:52","modified_gmt":"2025-07-14T15:01:52","slug":"trabaja-con-nosotros","status":"publish","type":"page","link":"https:\/\/wakefield.es\/en\/trabaja-con-nosotros\/","title":{"rendered":"Work with us"},"content":{"rendered":"\t\t<div data-elementor-type=\"wp-page\" data-elementor-id=\"125\" class=\"elementor elementor-125\" data-elementor-post-type=\"page\">\n\t\t\t\t\t\t<section class=\"elementor-section elementor-top-section elementor-element elementor-element-fe4209a elementor-section-boxed elementor-section-height-default elementor-section-height-default\" data-id=\"fe4209a\" data-element_type=\"section\" data-e-type=\"section\" data-settings=\"{&quot;background_background&quot;:&quot;classic&quot;}\">\n\t\t\t\t\t\t\t<div class=\"elementor-background-overlay\"><\/div>\n\t\t\t\t\t\t\t<div class=\"elementor-container elementor-column-gap-default\">\n\t\t\t\t\t<div class=\"elementor-column elementor-col-100 elementor-top-column elementor-element elementor-element-a0c9811\" data-id=\"a0c9811\" data-element_type=\"column\" data-e-type=\"column\">\n\t\t\t<div class=\"elementor-widget-wrap elementor-element-populated\">\n\t\t\t\t\t\t<div class=\"elementor-element elementor-element-d856010 elementor-widget elementor-widget-heading\" data-id=\"d856010\" data-element_type=\"widget\" data-e-type=\"widget\" data-widget_type=\"heading.default\">\n\t\t\t\t\t<h1 class=\"elementor-heading-title elementor-size-default\">Trabaja con nosotros<\/h1>\t\t\t\t<\/div>\n\t\t\t\t\t<\/div>\n\t\t<\/div>\n\t\t\t\t\t<\/div>\n\t\t<\/section>\n\t\t<div class=\"elementor-element elementor-element-5b91f8f e-flex e-con-boxed e-con e-parent\" data-id=\"5b91f8f\" data-element_type=\"container\" data-e-type=\"container\">\n\t\t\t\t\t<div class=\"e-con-inner\">\n\t\t\t\t<div class=\"elementor-element elementor-element-4aab345 elementor-widget elementor-widget-text-editor\" data-id=\"4aab345\" data-element_type=\"widget\" data-e-type=\"widget\" data-widget_type=\"text-editor.default\">\n\t\t\t\t\t\t\t\t\t<p>\u00bfQuieres trabajar con nosotros? Env\u00edanos tu <strong>CV<\/strong> y cu\u00e9ntanos algo sobre ti.<\/p>\t\t\t\t\t\t\t\t<\/div>\n\t\t<div class=\"elementor-element elementor-element-e89701f e-con-full e-flex e-con e-child\" data-id=\"e89701f\" data-element_type=\"container\" data-e-type=\"container\">\n\t\t\t\t<div class=\"elementor-element elementor-element-f0fcb61 elementor-button-align-stretch elementor-widget elementor-widget-form\" data-id=\"f0fcb61\" data-element_type=\"widget\" data-e-type=\"widget\" data-settings=\"{&quot;step_next_label&quot;:&quot;Siguiente&quot;,&quot;step_previous_label&quot;:&quot;Anterior&quot;,&quot;button_width&quot;:&quot;100&quot;,&quot;step_type&quot;:&quot;number_text&quot;,&quot;step_icon_shape&quot;:&quot;circle&quot;}\" data-widget_type=\"form.default\">\n\t\t\t\t\t\t\t<form class=\"elementor-form\" method=\"post\" name=\"Nuevo formulario\" aria-label=\"Nuevo formulario\">\n\t\t\t<input type=\"hidden\" name=\"post_id\" value=\"125\"\/>\n\t\t\t<input type=\"hidden\" name=\"form_id\" value=\"f0fcb61\"\/>\n\t\t\t<input type=\"hidden\" name=\"referer_title\" value=\"Trabaja con nosotros - Wakefield\" \/>\n\n\t\t\t\t\t\t\t<input type=\"hidden\" name=\"queried_id\" value=\"125\"\/>\n\t\t\t\n\t\t\t<div class=\"elementor-form-fields-wrapper elementor-labels-above\">\n\t\t\t\t\t\t\t\t<div class=\"elementor-field-type-text elementor-field-group elementor-column elementor-field-group-name elementor-col-33 elementor-field-required elementor-mark-required\">\n\t\t\t\t\t\t\t\t\t\t\t\t<label for=\"form-field-name\" class=\"elementor-field-label\">\n\t\t\t\t\t\t\t\tNombre\t\t\t\t\t\t\t<\/label>\n\t\t\t\t\t\t\t\t\t\t\t\t\t\t<input size=\"1\" type=\"text\" name=\"form_fields[name]\" id=\"form-field-name\" class=\"elementor-field elementor-size-sm  elementor-field-textual\" required=\"required\">\n\t\t\t\t\t\t\t\t\t\t\t<\/div>\n\t\t\t\t\t\t\t\t<div class=\"elementor-field-type-tel elementor-field-group elementor-column elementor-field-group-field_8aafbc1 elementor-col-33 elementor-field-required elementor-mark-required\">\n\t\t\t\t\t\t\t\t\t\t\t\t<label for=\"form-field-field_8aafbc1\" class=\"elementor-field-label\">\n\t\t\t\t\t\t\t\tTel\u00e9fono\t\t\t\t\t\t\t<\/label>\n\t\t\t\t\t\t\t\t<input size=\"1\" type=\"tel\" name=\"form_fields[field_8aafbc1]\" id=\"form-field-field_8aafbc1\" class=\"elementor-field elementor-size-sm  elementor-field-textual\" required=\"required\" pattern=\"[0-9()#&amp;+*-=.]+\" title=\"Solo se aceptan n\u00fameros y caracteres de tel\u00e9fono (#,-,*,etc).\">\n\n\t\t\t\t\t\t<\/div>\n\t\t\t\t\t\t\t\t<div class=\"elementor-field-type-email elementor-field-group elementor-column elementor-field-group-email elementor-col-33 elementor-field-required elementor-mark-required\">\n\t\t\t\t\t\t\t\t\t\t\t\t<label for=\"form-field-email\" class=\"elementor-field-label\">\n\t\t\t\t\t\t\t\tCorreo electr\u00f3nico\t\t\t\t\t\t\t<\/label>\n\t\t\t\t\t\t\t\t\t\t\t\t\t\t<input size=\"1\" type=\"email\" name=\"form_fields[email]\" id=\"form-field-email\" class=\"elementor-field elementor-size-sm  elementor-field-textual\" required=\"required\">\n\t\t\t\t\t\t\t\t\t\t\t<\/div>\n\t\t\t\t\t\t\t\t<div class=\"elementor-field-type-textarea elementor-field-group elementor-column elementor-field-group-field_1e8f622 elementor-col-100 elementor-field-required elementor-mark-required\">\n\t\t\t\t\t\t\t\t\t\t\t\t<label for=\"form-field-field_1e8f622\" class=\"elementor-field-label\">\n\t\t\t\t\t\t\t\tMensaje\t\t\t\t\t\t\t<\/label>\n\t\t\t\t\t\t<textarea class=\"elementor-field-textual elementor-field  elementor-size-sm\" name=\"form_fields[field_1e8f622]\" id=\"form-field-field_1e8f622\" rows=\"4\" required=\"required\"><\/textarea>\t\t\t\t<\/div>\n\t\t\t\t\t\t\t\t<div class=\"elementor-field-type-upload elementor-field-group elementor-column elementor-field-group-field_f032971 elementor-col-100\">\n\t\t\t\t\t\t\t\t\t\t\t\t<label for=\"form-field-field_f032971\" class=\"elementor-field-label\">\n\t\t\t\t\t\t\t\tSube tu CV:\t\t\t\t\t\t\t<\/label>\n\t\t\t\t\t\t\t\t<input type=\"file\" name=\"form_fields[field_f032971]\" id=\"form-field-field_f032971\" class=\"elementor-field elementor-size-sm  elementor-upload-field\">\n\n\t\t\t\t\t\t<\/div>\n\t\t\t\t\t\t\t\t<div class=\"elementor-field-type-acceptance elementor-field-group elementor-column elementor-field-group-field_57418b8 elementor-col-100 elementor-field-required elementor-mark-required\">\n\t\t\t\t\t\t\t<div class=\"elementor-field-subgroup\">\n\t\t\t<span class=\"elementor-field-option\">\n\t\t\t\t<input type=\"checkbox\" name=\"form_fields[field_57418b8]\" id=\"form-field-field_57418b8\" class=\"elementor-field elementor-size-sm  elementor-acceptance-field\" required=\"required\">\n\t\t\t\t<label for=\"form-field-field_57418b8\">He le\u00eddo y acepto la <a href=\"\/politica-de-privacidad\/\">Pol\u00edtica de privacidad*<\/a><\/label>\t\t\t<\/span>\n\t\t<\/div>\n\t\t\t\t\t\t<\/div>\n\t\t\t\t\t\t\t\t<div class=\"elementor-field-type-recaptcha_v3 elementor-field-group elementor-column elementor-field-group-field_d417621 elementor-col-100 recaptcha_v3-bottomright\">\n\t\t\t\t\t<div class=\"elementor-field\" id=\"form-field-field_d417621\"><div class=\"elementor-g-recaptcha\" data-sitekey=\"6Ldlr4IrAAAAAJEZ3f9T2fpv-ijW2fo8UPOTkC1T\" data-type=\"v3\" data-action=\"Form\" data-badge=\"bottomright\" data-size=\"invisible\"><\/div><\/div>\t\t\t\t<\/div>\n\t\t\t\t\t\t\t\t<div class=\"elementor-field-group elementor-column elementor-field-type-submit elementor-col-100 e-form__buttons\">\n\t\t\t\t\t<button class=\"elementor-button elementor-size-sm\" type=\"submit\">\n\t\t\t\t\t\t<span class=\"elementor-button-content-wrapper\">\n\t\t\t\t\t\t\t\t\t\t\t\t\t\t\t\t\t\t\t\t\t\t<span class=\"elementor-button-text\">Enviar<\/span>\n\t\t\t\t\t\t\t\t\t\t\t\t\t<\/span>\n\t\t\t\t\t<\/button>\n\t\t\t\t<\/div>\n\t\t\t<\/div>\n\t\t<\/form>\n\t\t\t\t\t\t<\/div>\n\t\t\t\t<\/div>\n\t\t\t\t<div class=\"elementor-element elementor-element-882af13 elementor-widget elementor-widget-text-editor\" data-id=\"882af13\" data-element_type=\"widget\" data-e-type=\"widget\" data-widget_type=\"text-editor.default\">\n\t\t\t\t\t\t\t\t\t<p>De conformidad con el RGPD (UE) 2016\/679 y el resto de normativa vigente en materia de protecci\u00f3n de datos le informamos que, Goizalde Tovar Navas, en calidad<br \/>de Responsable del Tratamiento, procesar\u00e1 sus datos con la finalidad de formalizar la matr\u00edcula y prestarle los servicios educativos contratados. En cualquier momento, Ud. tiene derecho a obtener confirmaci\u00f3n sobre si estamos tratando sus datos. Asimismo, tiene derecho ejercitar los derechos reconocidos en la normativa de protecci\u00f3n de datos, RGPD (UE) 2016\/679 y\/o solicitar informaci\u00f3n adicional acerca de nuestra pol\u00edtica de privacidad enviando un correo electr\u00f3nico a:\u00a0<span id=\"cloakccc37aaad3b4f8e166b862c9577b7ef9\">Esta direcci\u00f3n de correo electr\u00f3nico est\u00e1 siendo protegida contra los robots de spam. Necesita tener JavaScript habilitado para poder verlo.<\/span><\/p>\t\t\t\t\t\t\t\t<\/div>\n\t\t\t\t\t<\/div>\n\t\t\t\t<\/div>\n\t\t\t\t<\/div>\n\t\t","protected":false},"excerpt":{"rendered":"<p>Trabaja con nosotros \u00bfQuieres trabajar con nosotros? Env\u00edanos tu CV y cu\u00e9ntanos algo sobre ti. De conformidad con el RGPD (UE) 2016\/679 y el resto de normativa vigente en materia de protecci\u00f3n de datos le informamos que, Goizalde Tovar Navas, en calidadde Responsable del Tratamiento, procesar\u00e1 sus datos con la finalidad de formalizar la matr\u00edcula [&hellip;]<\/p>\n","protected":false},"author":1,"featured_media":0,"parent":0,"menu_order":0,"comment_status":"closed","ping_status":"closed","template":"","meta":{"footnotes":""},"class_list":["post-125","page","type-page","status-publish","hentry"],"yoast_head":"<!-- This site is optimized with the Yoast SEO plugin v27.4 - https:\/\/yoast.com\/product\/yoast-seo-wordpress\/ -->\n<title>Trabaja con nosotros - Wakefield<\/title>\n<meta name=\"robots\" content=\"index, follow, max-snippet:-1, max-image-preview:large, max-video-preview:-1\" \/>\n<link rel=\"canonical\" href=\"https:\/\/wakefield.es\/en\/trabaja-con-nosotros\/\" \/>\n<meta property=\"og:locale\" content=\"en_GB\" \/>\n<meta property=\"og:type\" content=\"article\" \/>\n<meta property=\"og:title\" content=\"Trabaja con nosotros - Wakefield\" \/>\n<meta property=\"og:description\" content=\"Trabaja con nosotros \u00bfQuieres trabajar con nosotros? Env\u00edanos tu CV y cu\u00e9ntanos algo sobre ti. De conformidad con el RGPD (UE) 2016\/679 y el resto de normativa vigente en materia de protecci\u00f3n de datos le informamos que, Goizalde Tovar Navas, en calidadde Responsable del Tratamiento, procesar\u00e1 sus datos con la finalidad de formalizar la matr\u00edcula [&hellip;]\" \/>\n<meta property=\"og:url\" content=\"https:\/\/wakefield.es\/en\/trabaja-con-nosotros\/\" \/>\n<meta property=\"og:site_name\" content=\"Wakefield\" \/>\n<meta property=\"article:modified_time\" content=\"2025-07-14T15:01:52+00:00\" \/>\n<meta name=\"twitter:card\" content=\"summary_large_image\" \/>\n<meta name=\"twitter:label1\" content=\"Estimated reading time\" \/>\n\t<meta name=\"twitter:data1\" content=\"1 minute\" \/>\n<script type=\"application\/ld+json\" class=\"yoast-schema-graph\">{\"@context\":\"https:\\\/\\\/schema.org\",\"@graph\":[{\"@type\":\"WebPage\",\"@id\":\"https:\\\/\\\/wakefield.es\\\/trabaja-con-nosotros\\\/\",\"url\":\"https:\\\/\\\/wakefield.es\\\/trabaja-con-nosotros\\\/\",\"name\":\"Trabaja con nosotros - Wakefield\",\"isPartOf\":{\"@id\":\"https:\\\/\\\/wakefield.es\\\/#website\"},\"datePublished\":\"2025-07-14T11:56:17+00:00\",\"dateModified\":\"2025-07-14T15:01:52+00:00\",\"breadcrumb\":{\"@id\":\"https:\\\/\\\/wakefield.es\\\/trabaja-con-nosotros\\\/#breadcrumb\"},\"inLanguage\":\"en-GB\",\"potentialAction\":[{\"@type\":\"ReadAction\",\"target\":[\"https:\\\/\\\/wakefield.es\\\/trabaja-con-nosotros\\\/\"]}]},{\"@type\":\"BreadcrumbList\",\"@id\":\"https:\\\/\\\/wakefield.es\\\/trabaja-con-nosotros\\\/#breadcrumb\",\"itemListElement\":[{\"@type\":\"ListItem\",\"position\":1,\"name\":\"Portada\",\"item\":\"https:\\\/\\\/wakefield.es\\\/\"},{\"@type\":\"ListItem\",\"position\":2,\"name\":\"Trabaja con nosotros\"}]},{\"@type\":\"WebSite\",\"@id\":\"https:\\\/\\\/wakefield.es\\\/#website\",\"url\":\"https:\\\/\\\/wakefield.es\\\/\",\"name\":\"Wakefield\",\"description\":\"Academia de ingl\u00e9s Medina del Campo\",\"publisher\":{\"@id\":\"https:\\\/\\\/wakefield.es\\\/#organization\"},\"potentialAction\":[{\"@type\":\"SearchAction\",\"target\":{\"@type\":\"EntryPoint\",\"urlTemplate\":\"https:\\\/\\\/wakefield.es\\\/?s={search_term_string}\"},\"query-input\":{\"@type\":\"PropertyValueSpecification\",\"valueRequired\":true,\"valueName\":\"search_term_string\"}}],\"inLanguage\":\"en-GB\"},{\"@type\":\"Organization\",\"@id\":\"https:\\\/\\\/wakefield.es\\\/#organization\",\"name\":\"Wakefield\",\"url\":\"https:\\\/\\\/wakefield.es\\\/\",\"logo\":{\"@type\":\"ImageObject\",\"inLanguage\":\"en-GB\",\"@id\":\"https:\\\/\\\/wakefield.es\\\/#\\\/schema\\\/logo\\\/image\\\/\",\"url\":\"https:\\\/\\\/wakefield.es\\\/wp-content\\\/uploads\\\/2025\\\/07\\\/logo_wakefield-scaled.png\",\"contentUrl\":\"https:\\\/\\\/wakefield.es\\\/wp-content\\\/uploads\\\/2025\\\/07\\\/logo_wakefield-scaled.png\",\"width\":2560,\"height\":1241,\"caption\":\"Wakefield\"},\"image\":{\"@id\":\"https:\\\/\\\/wakefield.es\\\/#\\\/schema\\\/logo\\\/image\\\/\"}}]}<\/script>\n<!-- \/ Yoast SEO plugin. -->","yoast_head_json":{"title":"Trabaja con nosotros - Wakefield","robots":{"index":"index","follow":"follow","max-snippet":"max-snippet:-1","max-image-preview":"max-image-preview:large","max-video-preview":"max-video-preview:-1"},"canonical":"https:\/\/wakefield.es\/en\/trabaja-con-nosotros\/","og_locale":"en_GB","og_type":"article","og_title":"Trabaja con nosotros - Wakefield","og_description":"Trabaja con nosotros \u00bfQuieres trabajar con nosotros? Env\u00edanos tu CV y cu\u00e9ntanos algo sobre ti. De conformidad con el RGPD (UE) 2016\/679 y el resto de normativa vigente en materia de protecci\u00f3n de datos le informamos que, Goizalde Tovar Navas, en calidadde Responsable del Tratamiento, procesar\u00e1 sus datos con la finalidad de formalizar la matr\u00edcula [&hellip;]","og_url":"https:\/\/wakefield.es\/en\/trabaja-con-nosotros\/","og_site_name":"Wakefield","article_modified_time":"2025-07-14T15:01:52+00:00","twitter_card":"summary_large_image","twitter_misc":{"Estimated reading time":"1 minute"},"schema":{"@context":"https:\/\/schema.org","@graph":[{"@type":"WebPage","@id":"https:\/\/wakefield.es\/trabaja-con-nosotros\/","url":"https:\/\/wakefield.es\/trabaja-con-nosotros\/","name":"Trabaja con nosotros - Wakefield","isPartOf":{"@id":"https:\/\/wakefield.es\/#website"},"datePublished":"2025-07-14T11:56:17+00:00","dateModified":"2025-07-14T15:01:52+00:00","breadcrumb":{"@id":"https:\/\/wakefield.es\/trabaja-con-nosotros\/#breadcrumb"},"inLanguage":"en-GB","potentialAction":[{"@type":"ReadAction","target":["https:\/\/wakefield.es\/trabaja-con-nosotros\/"]}]},{"@type":"BreadcrumbList","@id":"https:\/\/wakefield.es\/trabaja-con-nosotros\/#breadcrumb","itemListElement":[{"@type":"ListItem","position":1,"name":"Portada","item":"https:\/\/wakefield.es\/"},{"@type":"ListItem","position":2,"name":"Trabaja con nosotros"}]},{"@type":"WebSite","@id":"https:\/\/wakefield.es\/#website","url":"https:\/\/wakefield.es\/","name":"Wakefield","description":"English Academy Medina del Campo","publisher":{"@id":"https:\/\/wakefield.es\/#organization"},"potentialAction":[{"@type":"SearchAction","target":{"@type":"EntryPoint","urlTemplate":"https:\/\/wakefield.es\/?s={search_term_string}"},"query-input":{"@type":"PropertyValueSpecification","valueRequired":true,"valueName":"search_term_string"}}],"inLanguage":"en-GB"},{"@type":"Organization","@id":"https:\/\/wakefield.es\/#organization","name":"Wakefield","url":"https:\/\/wakefield.es\/","logo":{"@type":"ImageObject","inLanguage":"en-GB","@id":"https:\/\/wakefield.es\/#\/schema\/logo\/image\/","url":"https:\/\/wakefield.es\/wp-content\/uploads\/2025\/07\/logo_wakefield-scaled.png","contentUrl":"https:\/\/wakefield.es\/wp-content\/uploads\/2025\/07\/logo_wakefield-scaled.png","width":2560,"height":1241,"caption":"Wakefield"},"image":{"@id":"https:\/\/wakefield.es\/#\/schema\/logo\/image\/"}}]}},"_links":{"self":[{"href":"https:\/\/wakefield.es\/en\/wp-json\/wp\/v2\/pages\/125","targetHints":{"allow":["GET"]}}],"collection":[{"href":"https:\/\/wakefield.es\/en\/wp-json\/wp\/v2\/pages"}],"about":[{"href":"https:\/\/wakefield.es\/en\/wp-json\/wp\/v2\/types\/page"}],"author":[{"embeddable":true,"href":"https:\/\/wakefield.es\/en\/wp-json\/wp\/v2\/users\/1"}],"replies":[{"embeddable":true,"href":"https:\/\/wakefield.es\/en\/wp-json\/wp\/v2\/comments?post=125"}],"version-history":[{"count":4,"href":"https:\/\/wakefield.es\/en\/wp-json\/wp\/v2\/pages\/125\/revisions"}],"predecessor-version":[{"id":291,"href":"https:\/\/wakefield.es\/en\/wp-json\/wp\/v2\/pages\/125\/revisions\/291"}],"wp:attachment":[{"href":"https:\/\/wakefield.es\/en\/wp-json\/wp\/v2\/media?parent=125"}],"curies":[{"name":"wp","href":"https:\/\/api.w.org\/{rel}","templated":true}]}}